{"id":5565,"date":"2024-12-04T22:44:35","date_gmt":"2024-12-04T21:44:35","guid":{"rendered":"https:\/\/www.lps.polimi.it\/?page_id=5565"},"modified":"2026-03-13T21:14:55","modified_gmt":"2026-03-13T20:14:55","slug":"working-papers","status":"publish","type":"page","link":"https:\/\/www.lps.polimi.it\/?page_id=5565","title":{"rendered":"Working papers"},"content":{"rendered":"<p>Costanzo Ranci, Carlotta Caciagli, Marta Cordini, Andrea Parma, Berenice Scandone (2026)<\/p>\n<p><a href=\"https:\/\/www.lps.polimi.it\/wp-content\/uploads\/2026\/03\/LPS_WorkingPapers_n.-012026-LPS.25.pdf\"><strong>Effetto scuola. L\u2019influenza della composizione scolastica sui percorsi e risultati scolastici degli studenti di Milano<\/strong><\/a><\/p>\n<p>&nbsp;<\/p>\n<p>Costanzo Ranci, Marco Arlotti, Stefania Cerea, Laura Pelliccia (2025)<\/p>\n<p><a href=\"https:\/\/www.lps.polimi.it\/wp-content\/uploads\/2025\/05\/DAStU_WorkingPapers_LPS_Ranci-et-al.-2025-PDF.pdf\"><strong>I servizi di Long-Term Care in Italia: una stima degli utenti e della spesa pubblica<\/strong><\/a><\/p>\n<p>&nbsp;<\/p>\n<p>Costanzo Ranci, Francesca Audino, Carlo Mazzaferro, Marcello Morciano (2024)<br \/>\n<strong><a href=\"https:\/\/www.lps.polimi.it\/wp-content\/uploads\/2024\/01\/DAStU_WorkingPapers_Ranci_LPS.23.pdf\">Stima del fabbisogno e della spesa long term-care in Italia: valutazioni ex-ante di una proposta di riforma\u00a0<\/a><\/strong><\/p>\n<p>&nbsp;<\/p>\n<p>Marta Cordini, Roberta Cucca, Sheila Gonz\u00e0les Motos (2023)<br \/>\n<strong><a href=\"https:\/\/www.lps.polimi.it\/wp-content\/uploads\/2023\/06\/DAStU_WorkingPapers_Cordini-Cucca-Gonzalez-Motos-2023.pdf\">Fighting school segregation through information policies? Lessons from Barcelona, Milan and Oslo\u00a0<\/a><\/strong><\/p>\n<p>&nbsp;<\/p>\n<p>Luca Lazzarini, Carolina Pacchi (2021)<br \/>\n<strong><a href=\"https:\/\/www.lps.polimi.it\/wp-content\/uploads\/2021\/06\/DAStU_WP_LPS_072021-LPS-21.pdf\">Local narratives and spatial configurations of territorial cohesion: some evidences from COHSMO Project<\/a><\/strong><\/p>\n<p>&nbsp;<\/p>\n<p>Flavia Martinelli, Alessandro Cilio, Sabrina Vecchio Ruggeri (2021)<br \/>\n<strong><a href=\"https:\/\/www.lps.polimi.it\/wp-content\/uploads\/2021\/05\/DAStU_WP_no-62021.pdf\">Ageing in place e contesto abitativo. I condizionamenti dell\u2019ambiente costruito sulla qualit\u00e0 della vita e sui rischi di isolamento degli anziani fragili che invecchiano soli a casa propria: barriere, mobilit\u00e0, socialit\u00e0<\/a><\/strong><\/p>\n<p>&nbsp;<\/p>\n<p>Stefania Cerea, Maria Gabriella Melchiorre (2021)<br \/>\n<strong><a href=\"https:\/\/www.lps.polimi.it\/wp-content\/uploads\/2021\/05\/DAStU_WP_n.-052021-LPS.19.pdf\">L\u2019ageing in place alla prova della pandemia. Gli effetti indiretti del COVID-19 sugli anziani di Brescia e Ancona<\/a><\/strong><\/p>\n<p>&nbsp;<\/p>\n<p>Marco Arlotti, Stefania Cerea (2021)<br \/>\n<strong><a href=\"https:\/\/www.lps.polimi.it\/wp-content\/uploads\/2021\/05\/DAStU_WP_no.418.pdf\">Invecchiare a domicilio nei contesti urbani e nelle aree interne. Fragilit\u00e0, isolamento sociale e senso di solitudine<\/a><\/strong><\/p>\n<p>&nbsp;<\/p>\n<p>Maria Gabriella Melchiorre, Sabrina Quattrini, Flavia Piccinini, Giovanni Lamura (2021)<\/p>\n<p><strong><a href=\"https:\/\/www.lps.polimi.it\/wp-content\/uploads\/2021\/05\/DAStU_WP_n.-032021-LPS.17.pdf\">Anziani soli e reti di cura: una comparazione territoriale<\/a><\/strong><\/p>\n<p>&nbsp;<\/p>\n<p>Antonella Sarlo, Giuliana Costa, Sabrina Quattrini (2021)<br \/>\n<strong><a href=\"https:\/\/www.lps.polimi.it\/wp-content\/uploads\/2024\/12\/E-Book_Invecchiare-a-casa-propria.pdf\">Invecchiare a casa propria. Servizi e pratiche innovative per l\u2019ageing in place<\/a><\/strong><\/p>\n<p>&nbsp;<\/p>\n<p>Matteo Luppi (2021)<br \/>\n<strong><a href=\"https:\/\/www.lps.polimi.it\/wp-content\/uploads\/2021\/03\/DASTU_LPS_Working-Paper-no.01-2021-LPS.15.pdf\">Isolamento e qualit\u00e0 della vita nell\u2019et\u00e0 anziana fragile<\/a><\/strong><\/p>\n<p>&nbsp;<\/p>\n<p>Paolo Barbieri, Filippo Gioachin, Saverio Minardi, Stefani Scherer (2020)<br \/>\n<strong><a href=\"https:\/\/www.lps.polimi.it\/wp-content\/uploads\/2020\/12\/DASTU_LPS_WorkingPapers_n.-072020-LPS.14.pdf\">Occupational-based social class positions: a critical review and some findings<\/a><\/strong><\/p>\n<p>&nbsp;<\/p>\n<p>Costanzo Ranci, Andrea Parma (2020)<br \/>\n<strong><a href=\"https:\/\/www.lps.polimi.it\/wp-content\/uploads\/2020\/12\/DAStU_WorkingPapers_n.-062020-LPS.13-1.pdf\">La concettualizzazione dell\u2019insicurezza economica. Una rassegna della letteratura<\/a><\/strong><\/p>\n<p>&nbsp;<\/p>\n<p>Andrea Bellini, Lara Maestripieri (2020)<br \/>\n<strong><a href=\"https:\/\/www.lps.polimi.it\/wp-content\/uploads\/2020\/11\/Working-Papers-n.-052020-LPS.12-.pdf\">Gli approcci culturalisti allo studio del ceto medio \u2013 elementi per una definizione operativa<\/a><\/strong><\/p>\n<p>&nbsp;<\/p>\n<p>Chiara Assunta Ricci (2020)<br \/>\n<strong><a href=\"https:\/\/www.lps.polimi.it\/wp-content\/uploads\/2020\/11\/Working-Papers-n.-042020-LPS.11-.pdf\">How to measure the middle class: approaches\u00a0from economics<\/a><\/strong><\/p>\n<p>&nbsp;<\/p>\n<p>Giuliana Costa, Maria Gabriella Melchiorre, Marco Arlotti (2020)<br \/>\n<strong><a href=\"https:\/\/www.lps.polimi.it\/wp-content\/uploads\/2020\/09\/WP-Dastu-32020_new-2.pdf\">Ageing in place in different care regimes.\u00a0The role of care arrangements and the\u00a0implications for the quality of life and social\u00a0isolation of frail older people<\/a><\/strong><\/p>\n<p>&nbsp;<\/p>\n<p>Manos Matsaganis (2020)<br \/>\n<strong><a href=\"https:\/\/www.lps.polimi.it\/wp-content\/uploads\/2020\/07\/History-and-politics-of-the-min-wage_LPS-wp.pdf\">History and politics of the minimum wage<\/a><\/strong><\/p>\n<p>&nbsp;<\/p>\n<p>Manos Matsaganis (2020)<br \/>\n<strong><a href=\"https:\/\/www.lps.polimi.it\/wp-content\/uploads\/2020\/07\/Technological-change-the-future-of-work-and-public-policy_LPS-wp.pdf\">Technological change, the future of work, and public policy<\/a><\/strong><\/p>\n<p>&nbsp;<\/p>\n<p>Manos Matsaganis, Andrea Parma (2019)<br \/>\n<a href=\"https:\/\/www.lps.polimi.it\/wp-content\/uploads\/2019\/12\/DAStU_LPS_WP07-2019.pdf\"><strong>Incomes and the welfare state in Southern Europe during the crisis<\/strong><\/a><\/p>\n<p>&nbsp;<\/p>\n<p>Antonella Sarlo, Francesco Bagnato, Flavia Martinelli (2019)<br \/>\n<strong><a href=\"https:\/\/www.lps.polimi.it\/wp-content\/uploads\/2019\/12\/DAStU_LPS_WP06-2019.pdf\">Ageing in place and the built enviornment. Implications for the quality of life and the risks of isolation of frail of older people<\/a><\/strong><\/p>\n<p>&nbsp;<\/p>\n<p>Tatjana Boczy, Marta Cordini, Ruggero Cefalo (2019)<br \/>\n<strong><a href=\"https:\/\/www.lps.polimi.it\/wp-content\/uploads\/2019\/11\/Boczy-et-al.-2019_DAStU_LPS_WP05-1.pdf\">Social Investment Perspective And Its Territorial Dimension<\/a><\/strong><\/p>\n<p>&nbsp;<\/p>\n<p>Costanzo Ranci, Jason Beckfield, Laura Bernardi, Andrea Parma (2019)<br \/>\n<strong><a href=\"https:\/\/www.lps.polimi.it\/wp-content\/uploads\/2019\/06\/Dastu-WP-Vulnerability2.pdf\">The Rise of Economic Insecurity in EU: Concepts and Measures<\/a><\/strong><\/p>\n<p>&nbsp;<\/p>\n<p>Stefania Cerea, Carolina Pacchi, Costanzo Ranci (2019)<br \/>\n<strong><a href=\"https:\/\/www.lps.polimi.it\/wp-content\/uploads\/2019\/11\/Rev.WP-Dastu-LPS-Cerea-Pacchi-Ranci-DEFINITIVO-E-FORMATTATO-1.pdf\">A Review of Italian Academic Literature and Public Policies on Territorial Cohesion<\/a><\/strong><\/p>\n<p>&nbsp;<\/p>\n<p>Francesco Figari, Katarina Hollan, Manos Matsaganis, Eszter Z\u00f3lyomi (2018)<br \/>\n<strong><a href=\"https:\/\/www.lps.polimi.it\/wp-content\/uploads\/2018\/06\/DAStU-WP_01-2018LPS.01_Figari-et-al.pdf\">Support with housing costs across Europe: a distributional impact analysis<\/a><\/strong><\/p>\n<p>&nbsp;<\/p>\n<p>Manos Matsaganis (2018)<br \/>\n<strong><a href=\"https:\/\/www.lps.polimi.it\/wp-content\/uploads\/2019\/06\/WP-LPS.02.pdf\">The contorted politics of guaranteed minimum income in Greece<\/a><\/strong><\/p>\n<p>&nbsp;<\/p>\n<p>&nbsp;<\/p>\n","protected":false},"excerpt":{"rendered":"<p>Costanzo Ranci, Carlotta Caciagli, Marta Cordini, Andrea Parma, Berenice Scandone (2026) Effetto scuola. L\u2019influenza della composizione scolastica sui percorsi e risultati scolastici degli studenti di Milano &nbsp; Costanzo Ranci, Marco Arlotti, Stefania Cerea, Laura Pelliccia (2025) I servizi di Long-Term Care in Italia: una stima degli utenti e della spesa pubblica &nbsp; Costanzo Ranci, Francesca [&hellip;]<\/p>\n","protected":false},"author":12,"featured_media":0,"parent":0,"menu_order":0,"comment_status":"closed","ping_status":"closed","template":"","meta":{"_acf_changed":false,"footnotes":""},"class_list":["post-5565","page","type-page","status-publish","hentry"],"acf":[],"_links":{"self":[{"href":"https:\/\/www.lps.polimi.it\/index.php?rest_route=\/wp\/v2\/pages\/5565","targetHints":{"allow":["GET"]}}],"collection":[{"href":"https:\/\/www.lps.polimi.it\/index.php?rest_route=\/wp\/v2\/pages"}],"about":[{"href":"https:\/\/www.lps.polimi.it\/index.php?rest_route=\/wp\/v2\/types\/page"}],"author":[{"embeddable":true,"href":"https:\/\/www.lps.polimi.it\/index.php?rest_route=\/wp\/v2\/users\/12"}],"replies":[{"embeddable":true,"href":"https:\/\/www.lps.polimi.it\/index.php?rest_route=%2Fwp%2Fv2%2Fcomments&post=5565"}],"version-history":[{"count":16,"href":"https:\/\/www.lps.polimi.it\/index.php?rest_route=\/wp\/v2\/pages\/5565\/revisions"}],"predecessor-version":[{"id":6389,"href":"https:\/\/www.lps.polimi.it\/index.php?rest_route=\/wp\/v2\/pages\/5565\/revisions\/6389"}],"wp:attachment":[{"href":"https:\/\/www.lps.polimi.it\/index.php?rest_route=%2Fwp%2Fv2%2Fmedia&parent=5565"}],"curies":[{"name":"wp","href":"https:\/\/api.w.org\/{rel}","templated":true}]}}